{"id":163,"date":"2021-11-05T21:03:54","date_gmt":"2021-11-05T20:03:54","guid":{"rendered":"https:\/\/glml.fr\/?page_id=163"},"modified":"2022-01-20T15:21:05","modified_gmt":"2022-01-20T14:21:05","slug":"viamadlucem","status":"publish","type":"page","link":"https:\/\/glml.fr\/index.php\/viamadlucem\/","title":{"rendered":"Viam Ad Lucem"},"content":{"rendered":"\n<div class=\"wp-block-columns is-layout-flex wp-container-core-columns-is-layout-28f84493 wp-block-columns-is-layout-flex\">\n<div class=\"wp-block-column is-vertically-aligned-center is-layout-flow wp-block-column-is-layout-flow\" style=\"flex-basis:33.33%\">\n<div class=\"wp-block-image\"><figure class=\"aligncenter size-thumbnail\"><img decoding=\"async\" width=\"150\" height=\"150\" src=\"https:\/\/glml.fr\/wp-content\/uploads\/2022\/01\/VIAM-AD-LUCEM-copie-150x150.jpg\" alt=\"\" class=\"wp-image-390\"\/><\/figure><\/div>\n<\/div>\n\n\n\n<div class=\"wp-block-column is-layout-flow wp-block-column-is-layout-flow\" style=\"flex-basis:66.66%\">\n<blockquote class=\"wp-block-quote is-layout-flow wp-block-quote-is-layout-flow\"><p><strong><em>Notre Loge se nomme Viam Ad Lucem : Route pour la lumi\u00e8re.<\/em><\/strong><\/p><p><span><i style=\"font-weight: bold;\">Quand on dit d\u2019un individu qu\u2019\u00ab il a re\u00e7u la lumi\u00e8re \u00bb, cela signifie qu\u2019il a \u00e9t\u00e9 re\u00e7u dans la Franc-Ma\u00e7onnerie, qu\u2019il a \u00e9t\u00e9 initi\u00e9. La lumi\u00e8re sera une notion omnipr\u00e9sente dans sa vie de Ma\u00e7on. Ce symbole de la lumi\u00e8re est utilis\u00e9 bien au del\u00e0 de la Franc-Ma\u00e7onnerie. Nous serons heureux \u00e0 Viam Ad Lucem de vous en faire d\u00e9couvrir notre vision fraternelle.<\/i><\/span> <\/p><cite>V:.M:. Viam Ad Lucem<\/cite><\/blockquote>\n<\/div>\n<\/div>\n\n\n\n<div class=\"wp-block-buttons is-content-justification-center is-layout-flex wp-block-buttons-is-layout-flex\">\n<div class=\"wp-block-button\"><a class=\"wp-block-button__link\" href=\"mailto:viamadlucem@glml.fr\">Contactez nous<\/a><\/div>\n<\/div>\n\n\n\n<hr class=\"wp-block-separator has-text-color has-background has-white-background-color has-white-color is-style-wide\"\/>\n\n\n\n<div class=\"wp-block-image\"><figure class=\"aligncenter size-full\"><img fetchpriority=\"high\" decoding=\"async\" width=\"978\" height=\"373\" src=\"https:\/\/glml.fr\/wp-content\/uploads\/2022\/01\/symbolisme-lumiere.png\" alt=\"\" class=\"wp-image-385\" srcset=\"https:\/\/glml.fr\/wp-content\/uploads\/2022\/01\/symbolisme-lumiere.png 978w, https:\/\/glml.fr\/wp-content\/uploads\/2022\/01\/symbolisme-lumiere-300x114.png 300w, https:\/\/glml.fr\/wp-content\/uploads\/2022\/01\/symbolisme-lumiere-768x293.png 768w\" sizes=\"(max-width: 978px) 100vw, 978px\" \/><\/figure><\/div>\n\n\n\n<p><\/p>\n","protected":false},"excerpt":{"rendered":"<p>Notre Loge se nomme Viam Ad Lucem : Route pour la lumi\u00e8re. Quand on dit d\u2019un individu qu\u2019\u00ab il a re\u00e7u la lumi\u00e8re \u00bb, cela signifie qu\u2019il a \u00e9t\u00e9 re\u00e7u [&hellip;]<\/p>\n","protected":false},"author":1,"featured_media":0,"parent":0,"menu_order":0,"comment_status":"closed","ping_status":"closed","template":"","meta":{"_uag_custom_page_level_css":"","site-sidebar-layout":"default","site-content-layout":"","ast-site-content-layout":"","site-content-style":"default","site-sidebar-style":"default","ast-global-header-display":"","ast-banner-title-visibility":"","ast-main-header-display":"","ast-hfb-above-header-display":"","ast-hfb-below-header-display":"","ast-hfb-mobile-header-display":"","site-post-title":"","ast-breadcrumbs-content":"","ast-featured-img":"","footer-sml-layout":"","theme-transparent-header-meta":"","adv-header-id-meta":"","stick-header-meta":"","header-above-stick-meta":"","header-main-stick-meta":"","header-below-stick-meta":"","astra-migrate-meta-layouts":"default","ast-page-background-enabled":"default","ast-page-background-meta":{"desktop":{"background-color":"var(--ast-global-color-4)","background-image":"","background-repeat":"repeat","background-position":"center center","background-size":"auto","background-attachment":"scroll","background-type":"","background-media":"","overlay-type":"","overlay-color":"","overlay-opacity":"","overlay-gradient":""},"tablet":{"background-color":"","background-image":"","background-repeat":"repeat","background-position":"center center","background-size":"auto","background-attachment":"scroll","background-type":"","background-media":"","overlay-type":"","overlay-color":"","overlay-opacity":"","overlay-gradient":""},"mobile":{"background-color":"","background-image":"","background-repeat":"repeat","background-position":"center center","background-size":"auto","background-attachment":"scroll","background-type":"","background-media":"","overlay-type":"","overlay-color":"","overlay-opacity":"","overlay-gradient":""}},"ast-content-background-meta":{"desktop":{"background-color":"var(--ast-global-color-5)","background-image":"","background-repeat":"repeat","background-position":"center center","background-size":"auto","background-attachment":"scroll","background-type":"","background-media":"","overlay-type":"","overlay-color":"","overlay-opacity":"","overlay-gradient":""},"tablet":{"background-color":"var(--ast-global-color-5)","background-image":"","background-repeat":"repeat","background-position":"center center","background-size":"auto","background-attachment":"scroll","background-type":"","background-media":"","overlay-type":"","overlay-color":"","overlay-opacity":"","overlay-gradient":""},"mobile":{"background-color":"var(--ast-global-color-5)","background-image":"","background-repeat":"repeat","background-position":"center center","background-size":"auto","background-attachment":"scroll","background-type":"","background-media":"","overlay-type":"","overlay-color":"","overlay-opacity":"","overlay-gradient":""}},"_joinchat":[],"footnotes":""},"class_list":["post-163","page","type-page","status-publish","hentry"],"uagb_featured_image_src":{"full":false,"thumbnail":false,"medium":false,"medium_large":false,"large":false,"1536x1536":false,"2048x2048":false},"uagb_author_info":{"display_name":"admin5793","author_link":"https:\/\/glml.fr\/index.php\/author\/admin5793\/"},"uagb_comment_info":0,"uagb_excerpt":"Notre Loge se nomme Viam Ad Lucem : Route pour la lumi\u00e8re. Quand on dit d\u2019un individu qu\u2019\u00ab il a re\u00e7u la lumi\u00e8re \u00bb, cela signifie qu\u2019il a \u00e9t\u00e9 re\u00e7u [&hellip;]","jetpack_sharing_enabled":true,"_links":{"self":[{"href":"https:\/\/glml.fr\/index.php\/wp-json\/wp\/v2\/pages\/163","targetHints":{"allow":["GET"]}}],"collection":[{"href":"https:\/\/glml.fr\/index.php\/wp-json\/wp\/v2\/pages"}],"about":[{"href":"https:\/\/glml.fr\/index.php\/wp-json\/wp\/v2\/types\/page"}],"author":[{"embeddable":true,"href":"https:\/\/glml.fr\/index.php\/wp-json\/wp\/v2\/users\/1"}],"replies":[{"embeddable":true,"href":"https:\/\/glml.fr\/index.php\/wp-json\/wp\/v2\/comments?post=163"}],"version-history":[{"count":9,"href":"https:\/\/glml.fr\/index.php\/wp-json\/wp\/v2\/pages\/163\/revisions"}],"predecessor-version":[{"id":394,"href":"https:\/\/glml.fr\/index.php\/wp-json\/wp\/v2\/pages\/163\/revisions\/394"}],"wp:attachment":[{"href":"https:\/\/glml.fr\/index.php\/wp-json\/wp\/v2\/media?parent=163"}],"curies":[{"name":"wp","href":"https:\/\/api.w.org\/{rel}","templated":true}]}}