{"id":184,"date":"2021-11-05T21:49:03","date_gmt":"2021-11-05T20:49:03","guid":{"rendered":"https:\/\/glml.fr\/?page_id=184"},"modified":"2025-02-01T17:28:09","modified_gmt":"2025-02-01T16:28:09","slug":"laportedyork","status":"publish","type":"page","link":"https:\/\/glml.fr\/index.php\/laportedyork\/","title":{"rendered":"La Porte d&rsquo;York"},"content":{"rendered":"\n<figure class=\"wp-block-image size-thumbnail is-resized\"><img decoding=\"async\" width=\"150\" height=\"150\" src=\"https:\/\/glml.fr\/wp-content\/uploads\/2022\/01\/PorteYork-copie-150x150.png\" alt=\"\" class=\"wp-image-396\" style=\"width:342px;height:auto\"\/><\/figure>\n\n\n\n<blockquote class=\"wp-block-quote is-layout-flow wp-block-quote-is-layout-flow\">\n<p>Export\u00e9 par les Francs-Ma\u00e7ons irlandais en Am\u00e9rique du Nord au dix huiti\u00e8me si\u00e8cle, le rite \u00ab\u00a0YORK\u00a0\u00bb, est le rite le plus pratiqu\u00e9 aux \u00e9tats-unis. Il s\u2019appuie sur la Bible et plus particuli\u00e8rement sur l\u2019ancien testament. La d\u00e9marche initiatique, des loges bleues jusqu\u2019au grade de chevalier du temple, contenue dans le rite YORK, veut que le Franc-Ma\u00e7on passe du temple de Salomon (ancien testament) qu\u2019il reb\u00e2ti en vue d\u2019un temple \u00e0 la port\u00e9e plus christique que poursuivent les commanderies. Le rite am\u00e9ricain dit d\u2019YORK, est un syst\u00e8me complet commen\u00e7ant d\u00e8s le premier grade. Il est pratiqu\u00e9 par l\u2019ensemble des Grandes Loges Am\u00e9ricaines. Toutes les loges bleues des \u00e9tats-unis pratiquent un rituel commun avec quelques l\u00e9g\u00e8res diff\u00e9rences d\u2019un \u00e9tat \u00e0 l\u2019autre. Il n\u2019est pas religieux et cependant il d\u00e9veloppe des th\u00e8mes fond\u00e9s sur les croisades et l\u2019\u00e9poque m\u00e9di\u00e9vale. Les \u00ab\u00a0degr\u00e9s\u00a0\u00bb au rite YORK n\u2019existent pas, ce sont juste des grades et des titres. Aux \u00e9tats-unis, il est fr\u00e9quent que les membres du Rite YORK, appartiennent \u00e9galement aux hauts grades du R.E.A.A. La loge.<\/p>\n\n\n\n<p>LA PORTE d\u2019YORK a \u00e9t\u00e9 consacr\u00e9 le 02 novembre 6015.\u00a0Elle compte \u00e0 ce jour 11 membres et re\u00e7oit de nombreux visiteurs. Comme toutes les loges de la GLML, elle respecte les Landmarks de notre ordre et la r\u00e8gle en douze points<\/p>\n<cite>V:.M:. La Porte d&rsquo;York<\/cite><\/blockquote>\n\n\n\n<p><\/p>\n","protected":false},"excerpt":{"rendered":"<p>Export\u00e9 par les Francs-Ma\u00e7ons irlandais en Am\u00e9rique du Nord au dix huiti\u00e8me si\u00e8cle, le rite \u00ab\u00a0YORK\u00a0\u00bb, est le rite le plus pratiqu\u00e9 aux \u00e9tats-unis. Il s\u2019appuie sur la Bible et [&hellip;]<\/p>\n","protected":false},"author":1,"featured_media":289,"parent":0,"menu_order":0,"comment_status":"closed","ping_status":"closed","template":"","meta":{"_uag_custom_page_level_css":"","site-sidebar-layout":"default","site-content-layout":"","ast-site-content-layout":"","site-content-style":"default","site-sidebar-style":"default","ast-global-header-display":"","ast-banner-title-visibility":"","ast-main-header-display":"","ast-hfb-above-header-display":"","ast-hfb-below-header-display":"","ast-hfb-mobile-header-display":"","site-post-title":"","ast-breadcrumbs-content":"","ast-featured-img":"","footer-sml-layout":"","theme-transparent-header-meta":"","adv-header-id-meta":"","stick-header-meta":"","header-above-stick-meta":"","header-main-stick-meta":"","header-below-stick-meta":"","astra-migrate-meta-layouts":"default","ast-page-background-enabled":"default","ast-page-background-meta":{"desktop":{"background-color":"var(--ast-global-color-4)","background-image":"","background-repeat":"repeat","background-position":"center center","background-size":"auto","background-attachment":"scroll","background-type":"","background-media":"","overlay-type":"","overlay-color":"","overlay-opacity":"","overlay-gradient":""},"tablet":{"background-color":"","background-image":"","background-repeat":"repeat","background-position":"center center","background-size":"auto","background-attachment":"scroll","background-type":"","background-media":"","overlay-type":"","overlay-color":"","overlay-opacity":"","overlay-gradient":""},"mobile":{"background-color":"","background-image":"","background-repeat":"repeat","background-position":"center center","background-size":"auto","background-attachment":"scroll","background-type":"","background-media":"","overlay-type":"","overlay-color":"","overlay-opacity":"","overlay-gradient":""}},"ast-content-background-meta":{"desktop":{"background-color":"var(--ast-global-color-5)","background-image":"","background-repeat":"repeat","background-position":"center center","background-size":"auto","background-attachment":"scroll","background-type":"","background-media":"","overlay-type":"","overlay-color":"","overlay-opacity":"","overlay-gradient":""},"tablet":{"background-color":"var(--ast-global-color-5)","background-image":"","background-repeat":"repeat","background-position":"center center","background-size":"auto","background-attachment":"scroll","background-type":"","background-media":"","overlay-type":"","overlay-color":"","overlay-opacity":"","overlay-gradient":""},"mobile":{"background-color":"var(--ast-global-color-5)","background-image":"","background-repeat":"repeat","background-position":"center center","background-size":"auto","background-attachment":"scroll","background-type":"","background-media":"","overlay-type":"","overlay-color":"","overlay-opacity":"","overlay-gradient":""}},"_joinchat":[],"footnotes":""},"class_list":["post-184","page","type-page","status-publish","has-post-thumbnail","hentry"],"uagb_featured_image_src":{"full":["https:\/\/glml.fr\/wp-content\/uploads\/2022\/01\/PorteYork.png",1142,1157,false],"thumbnail":["https:\/\/glml.fr\/wp-content\/uploads\/2022\/01\/PorteYork-150x150.png",150,150,true],"medium":["https:\/\/glml.fr\/wp-content\/uploads\/2022\/01\/PorteYork-296x300.png",296,300,true],"medium_large":["https:\/\/glml.fr\/wp-content\/uploads\/2022\/01\/PorteYork-768x778.png",768,778,true],"large":["https:\/\/glml.fr\/wp-content\/uploads\/2022\/01\/PorteYork-1011x1024.png",1011,1024,true],"1536x1536":["https:\/\/glml.fr\/wp-content\/uploads\/2022\/01\/PorteYork.png",1142,1157,false],"2048x2048":["https:\/\/glml.fr\/wp-content\/uploads\/2022\/01\/PorteYork.png",1142,1157,false]},"uagb_author_info":{"display_name":"admin5793","author_link":"https:\/\/glml.fr\/index.php\/author\/admin5793\/"},"uagb_comment_info":0,"uagb_excerpt":"Export\u00e9 par les Francs-Ma\u00e7ons irlandais en Am\u00e9rique du Nord au dix huiti\u00e8me si\u00e8cle, le rite \u00ab\u00a0YORK\u00a0\u00bb, est le rite le plus pratiqu\u00e9 aux \u00e9tats-unis. Il s\u2019appuie sur la Bible et [&hellip;]","jetpack_sharing_enabled":true,"_links":{"self":[{"href":"https:\/\/glml.fr\/index.php\/wp-json\/wp\/v2\/pages\/184","targetHints":{"allow":["GET"]}}],"collection":[{"href":"https:\/\/glml.fr\/index.php\/wp-json\/wp\/v2\/pages"}],"about":[{"href":"https:\/\/glml.fr\/index.php\/wp-json\/wp\/v2\/types\/page"}],"author":[{"embeddable":true,"href":"https:\/\/glml.fr\/index.php\/wp-json\/wp\/v2\/users\/1"}],"replies":[{"embeddable":true,"href":"https:\/\/glml.fr\/index.php\/wp-json\/wp\/v2\/comments?post=184"}],"version-history":[{"count":6,"href":"https:\/\/glml.fr\/index.php\/wp-json\/wp\/v2\/pages\/184\/revisions"}],"predecessor-version":[{"id":760,"href":"https:\/\/glml.fr\/index.php\/wp-json\/wp\/v2\/pages\/184\/revisions\/760"}],"wp:featuredmedia":[{"embeddable":true,"href":"https:\/\/glml.fr\/index.php\/wp-json\/wp\/v2\/media\/289"}],"wp:attachment":[{"href":"https:\/\/glml.fr\/index.php\/wp-json\/wp\/v2\/media?parent=184"}],"curies":[{"name":"wp","href":"https:\/\/api.w.org\/{rel}","templated":true}]}}