{"id":186,"date":"2021-11-05T21:50:31","date_gmt":"2021-11-05T20:50:31","guid":{"rendered":"https:\/\/glml.fr\/?page_id=186"},"modified":"2024-12-17T16:24:08","modified_gmt":"2024-12-17T15:24:08","slug":"unionfraternelle","status":"publish","type":"page","link":"https:\/\/glml.fr\/index.php\/unionfraternelle\/","title":{"rendered":"Union Fraternelle"},"content":{"rendered":"\n<div class=\"wp-block-columns is-layout-flex wp-container-core-columns-is-layout-28f84493 wp-block-columns-is-layout-flex\">\n<div class=\"wp-block-column is-layout-flow wp-block-column-is-layout-flow\" style=\"flex-basis:33.33%\">\n<figure class=\"wp-block-image size-thumbnail\"><img decoding=\"async\" width=\"150\" height=\"150\" src=\"https:\/\/glml.fr\/wp-content\/uploads\/2021\/04\/Union-Fraternelle-Logo-150x150.png\" alt=\"\" class=\"wp-image-80\" srcset=\"https:\/\/glml.fr\/wp-content\/uploads\/2021\/04\/Union-Fraternelle-Logo-150x150.png 150w, https:\/\/glml.fr\/wp-content\/uploads\/2021\/04\/Union-Fraternelle-Logo.png 241w\" sizes=\"(max-width: 150px) 100vw, 150px\" \/><\/figure>\n<\/div>\n\n\n\n<div class=\"wp-block-column is-layout-flow wp-block-column-is-layout-flow\" style=\"flex-basis:66.66%\">\n<blockquote class=\"wp-block-quote is-layout-flow wp-block-quote-is-layout-flow\">\n<p>Elle a \u00e9t\u00e9 consacr\u00e9e le 2 novembre 2015, <br>cette Loge travaille conform\u00e9ment au Rite REAA Hiram. <\/p>\n\n\n\n<p>Le but de cette loge est de travailler sous la banni\u00e8re de l\u2019union respectant les valeurs, les r\u00e8gles Ma\u00e7onniques ainsi que les Landmarks et de regrouper tous les Fr\u00e8res qui souhaitent \u00eatre Fraternels les uns vis-\u00e0-vis des autres sans aucun pr\u00e9jug\u00e9. Il nous faut \u00e9videmment croire \u00e0\u00a0: La r\u00e8gle en douze points, la croyance au Grand Architecte De l\u2019Univers, du Volume de la Loi Sacr\u00e9e, de l\u2019Equerre et du Compas. Ceux qui partagent et qui croient \u00e0 ces valeurs sont les bienvenus. <\/p>\n\n\n\n<p>Nous nous r\u00e9unissons chaque mois<\/p>\n<cite>V.:M.: UNION FRATERNELLE<\/cite><\/blockquote>\n<\/div>\n<\/div>\n","protected":false},"excerpt":{"rendered":"<p>Elle a \u00e9t\u00e9 consacr\u00e9e le 2 novembre 2015, cette Loge travaille conform\u00e9ment au Rite REAA Hiram. Le but de cette loge est de travailler sous la banni\u00e8re de l\u2019union respectant [&hellip;]<\/p>\n","protected":false},"author":1,"featured_media":0,"parent":0,"menu_order":0,"comment_status":"closed","ping_status":"closed","template":"","meta":{"_uag_custom_page_level_css":"","site-sidebar-layout":"default","site-content-layout":"","ast-site-content-layout":"","site-content-style":"default","site-sidebar-style":"default","ast-global-header-display":"","ast-banner-title-visibility":"","ast-main-header-display":"","ast-hfb-above-header-display":"","ast-hfb-below-header-display":"","ast-hfb-mobile-header-display":"","site-post-title":"","ast-breadcrumbs-content":"","ast-featured-img":"","footer-sml-layout":"","theme-transparent-header-meta":"","adv-header-id-meta":"","stick-header-meta":"","header-above-stick-meta":"","header-main-stick-meta":"","header-below-stick-meta":"","astra-migrate-meta-layouts":"default","ast-page-background-enabled":"default","ast-page-background-meta":{"desktop":{"background-color":"var(--ast-global-color-4)","background-image":"","background-repeat":"repeat","background-position":"center center","background-size":"auto","background-attachment":"scroll","background-type":"","background-media":"","overlay-type":"","overlay-color":"","overlay-opacity":"","overlay-gradient":""},"tablet":{"background-color":"","background-image":"","background-repeat":"repeat","background-position":"center center","background-size":"auto","background-attachment":"scroll","background-type":"","background-media":"","overlay-type":"","overlay-color":"","overlay-opacity":"","overlay-gradient":""},"mobile":{"background-color":"","background-image":"","background-repeat":"repeat","background-position":"center center","background-size":"auto","background-attachment":"scroll","background-type":"","background-media":"","overlay-type":"","overlay-color":"","overlay-opacity":"","overlay-gradient":""}},"ast-content-background-meta":{"desktop":{"background-color":"var(--ast-global-color-5)","background-image":"","background-repeat":"repeat","background-position":"center center","background-size":"auto","background-attachment":"scroll","background-type":"","background-media":"","overlay-type":"","overlay-color":"","overlay-opacity":"","overlay-gradient":""},"tablet":{"background-color":"var(--ast-global-color-5)","background-image":"","background-repeat":"repeat","background-position":"center center","background-size":"auto","background-attachment":"scroll","background-type":"","background-media":"","overlay-type":"","overlay-color":"","overlay-opacity":"","overlay-gradient":""},"mobile":{"background-color":"var(--ast-global-color-5)","background-image":"","background-repeat":"repeat","background-position":"center center","background-size":"auto","background-attachment":"scroll","background-type":"","background-media":"","overlay-type":"","overlay-color":"","overlay-opacity":"","overlay-gradient":""}},"_joinchat":[],"footnotes":""},"class_list":["post-186","page","type-page","status-publish","hentry"],"uagb_featured_image_src":{"full":false,"thumbnail":false,"medium":false,"medium_large":false,"large":false,"1536x1536":false,"2048x2048":false},"uagb_author_info":{"display_name":"admin5793","author_link":"https:\/\/glml.fr\/index.php\/author\/admin5793\/"},"uagb_comment_info":0,"uagb_excerpt":"Elle a \u00e9t\u00e9 consacr\u00e9e le 2 novembre 2015, cette Loge travaille conform\u00e9ment au Rite REAA Hiram. Le but de cette loge est de travailler sous la banni\u00e8re de l\u2019union respectant [&hellip;]","jetpack_sharing_enabled":true,"_links":{"self":[{"href":"https:\/\/glml.fr\/index.php\/wp-json\/wp\/v2\/pages\/186","targetHints":{"allow":["GET"]}}],"collection":[{"href":"https:\/\/glml.fr\/index.php\/wp-json\/wp\/v2\/pages"}],"about":[{"href":"https:\/\/glml.fr\/index.php\/wp-json\/wp\/v2\/types\/page"}],"author":[{"embeddable":true,"href":"https:\/\/glml.fr\/index.php\/wp-json\/wp\/v2\/users\/1"}],"replies":[{"embeddable":true,"href":"https:\/\/glml.fr\/index.php\/wp-json\/wp\/v2\/comments?post=186"}],"version-history":[{"count":3,"href":"https:\/\/glml.fr\/index.php\/wp-json\/wp\/v2\/pages\/186\/revisions"}],"predecessor-version":[{"id":647,"href":"https:\/\/glml.fr\/index.php\/wp-json\/wp\/v2\/pages\/186\/revisions\/647"}],"wp:attachment":[{"href":"https:\/\/glml.fr\/index.php\/wp-json\/wp\/v2\/media?parent=186"}],"curies":[{"name":"wp","href":"https:\/\/api.w.org\/{rel}","templated":true}]}}