{"id":193,"date":"2021-11-06T09:00:32","date_gmt":"2021-11-06T08:00:32","guid":{"rendered":"https:\/\/glml.fr\/?page_id=193"},"modified":"2022-02-15T21:33:01","modified_gmt":"2022-02-15T20:33:01","slug":"bartholdi-2","status":"publish","type":"page","link":"https:\/\/glml.fr\/index.php\/bartholdi-2\/","title":{"rendered":"Bartholdi"},"content":{"rendered":"\n<div class=\"wp-block-columns is-layout-flex wp-container-core-columns-is-layout-28f84493 wp-block-columns-is-layout-flex\">\n<div class=\"wp-block-column is-layout-flow wp-block-column-is-layout-flow\" style=\"flex-basis:33.33%\">\n<figure class=\"wp-block-image size-thumbnail\"><img decoding=\"async\" width=\"150\" height=\"150\" src=\"https:\/\/glml.fr\/wp-content\/uploads\/2022\/01\/Bartholdi-copie-150x150.jpg\" alt=\"\" class=\"wp-image-420\" srcset=\"https:\/\/glml.fr\/wp-content\/uploads\/2022\/01\/Bartholdi-copie-150x150.jpg 150w, https:\/\/glml.fr\/wp-content\/uploads\/2022\/01\/Bartholdi-copie-300x300.jpg 300w, https:\/\/glml.fr\/wp-content\/uploads\/2022\/01\/Bartholdi-copie.jpg 499w\" sizes=\"(max-width: 150px) 100vw, 150px\" \/><\/figure>\n<\/div>\n\n\n\n<div class=\"wp-block-column is-layout-flow wp-block-column-is-layout-flow\" style=\"flex-basis:66.66%\">\n<blockquote class=\"wp-block-quote is-layout-flow wp-block-quote-is-layout-flow\"><p>Cet atelier de recherche a pour but d\u2019\u00e9tudier tous les textes se r\u00e9f\u00e9rant:<\/p><p>A l\u2019homme et son univers,<\/p><p>A l\u2019\u00e9tude des sciences et la compr\u00e9hension des arts,<\/p><p>A tous sujet \u00e9sot\u00e9rique,<\/p><p>A tout ce qui a rapport avec la condition humaine li\u00e9e \u00e0 la Franc Ma\u00e7onnerie,<\/p><p>A l\u2019\u00e9tude tes textes Ma\u00e7onniques et ce qu\u2019ils repr\u00e9sentent.<\/p><cite>V.:M.: Bartholdi<\/cite><\/blockquote>\n<\/div>\n<\/div>\n\n\n\n<p><\/p>\n","protected":false},"excerpt":{"rendered":"<p>Cet atelier de recherche a pour but d\u2019\u00e9tudier tous les textes se r\u00e9f\u00e9rant: A l\u2019homme et son univers, A l\u2019\u00e9tude des sciences et la compr\u00e9hension des arts, A tous sujet [&hellip;]<\/p>\n","protected":false},"author":1,"featured_media":0,"parent":0,"menu_order":0,"comment_status":"closed","ping_status":"closed","template":"","meta":{"_uag_custom_page_level_css":"","site-sidebar-layout":"default","site-content-layout":"","ast-site-content-layout":"","site-content-style":"default","site-sidebar-style":"default","ast-global-header-display":"","ast-banner-title-visibility":"","ast-main-header-display":"","ast-hfb-above-header-display":"","ast-hfb-below-header-display":"","ast-hfb-mobile-header-display":"","site-post-title":"","ast-breadcrumbs-content":"","ast-featured-img":"","footer-sml-layout":"","theme-transparent-header-meta":"","adv-header-id-meta":"","stick-header-meta":"","header-above-stick-meta":"","header-main-stick-meta":"","header-below-stick-meta":"","astra-migrate-meta-layouts":"default","ast-page-background-enabled":"default","ast-page-background-meta":{"desktop":{"background-color":"var(--ast-global-color-4)","background-image":"","background-repeat":"repeat","background-position":"center center","background-size":"auto","background-attachment":"scroll","background-type":"","background-media":"","overlay-type":"","overlay-color":"","overlay-opacity":"","overlay-gradient":""},"tablet":{"background-color":"","background-image":"","background-repeat":"repeat","background-position":"center center","background-size":"auto","background-attachment":"scroll","background-type":"","background-media":"","overlay-type":"","overlay-color":"","overlay-opacity":"","overlay-gradient":""},"mobile":{"background-color":"","background-image":"","background-repeat":"repeat","background-position":"center center","background-size":"auto","background-attachment":"scroll","background-type":"","background-media":"","overlay-type":"","overlay-color":"","overlay-opacity":"","overlay-gradient":""}},"ast-content-background-meta":{"desktop":{"background-color":"var(--ast-global-color-5)","background-image":"","background-repeat":"repeat","background-position":"center center","background-size":"auto","background-attachment":"scroll","background-type":"","background-media":"","overlay-type":"","overlay-color":"","overlay-opacity":"","overlay-gradient":""},"tablet":{"background-color":"var(--ast-global-color-5)","background-image":"","background-repeat":"repeat","background-position":"center center","background-size":"auto","background-attachment":"scroll","background-type":"","background-media":"","overlay-type":"","overlay-color":"","overlay-opacity":"","overlay-gradient":""},"mobile":{"background-color":"var(--ast-global-color-5)","background-image":"","background-repeat":"repeat","background-position":"center center","background-size":"auto","background-attachment":"scroll","background-type":"","background-media":"","overlay-type":"","overlay-color":"","overlay-opacity":"","overlay-gradient":""}},"_joinchat":[],"footnotes":""},"class_list":["post-193","page","type-page","status-publish","hentry"],"uagb_featured_image_src":{"full":false,"thumbnail":false,"medium":false,"medium_large":false,"large":false,"1536x1536":false,"2048x2048":false},"uagb_author_info":{"display_name":"admin5793","author_link":"https:\/\/glml.fr\/index.php\/author\/admin5793\/"},"uagb_comment_info":0,"uagb_excerpt":"Cet atelier de recherche a pour but d\u2019\u00e9tudier tous les textes se r\u00e9f\u00e9rant: A l\u2019homme et son univers, A l\u2019\u00e9tude des sciences et la compr\u00e9hension des arts, A tous sujet [&hellip;]","jetpack_sharing_enabled":true,"_links":{"self":[{"href":"https:\/\/glml.fr\/index.php\/wp-json\/wp\/v2\/pages\/193","targetHints":{"allow":["GET"]}}],"collection":[{"href":"https:\/\/glml.fr\/index.php\/wp-json\/wp\/v2\/pages"}],"about":[{"href":"https:\/\/glml.fr\/index.php\/wp-json\/wp\/v2\/types\/page"}],"author":[{"embeddable":true,"href":"https:\/\/glml.fr\/index.php\/wp-json\/wp\/v2\/users\/1"}],"replies":[{"embeddable":true,"href":"https:\/\/glml.fr\/index.php\/wp-json\/wp\/v2\/comments?post=193"}],"version-history":[{"count":4,"href":"https:\/\/glml.fr\/index.php\/wp-json\/wp\/v2\/pages\/193\/revisions"}],"predecessor-version":[{"id":471,"href":"https:\/\/glml.fr\/index.php\/wp-json\/wp\/v2\/pages\/193\/revisions\/471"}],"wp:attachment":[{"href":"https:\/\/glml.fr\/index.php\/wp-json\/wp\/v2\/media?parent=193"}],"curies":[{"name":"wp","href":"https:\/\/api.w.org\/{rel}","templated":true}]}}