{"id":529,"date":"2022-06-19T12:18:05","date_gmt":"2022-06-19T10:18:05","guid":{"rendered":"https:\/\/glml.fr\/?page_id=529"},"modified":"2022-06-22T10:33:51","modified_gmt":"2022-06-22T08:33:51","slug":"scotland-one","status":"publish","type":"page","link":"https:\/\/glml.fr\/index.php\/scotland-one\/","title":{"rendered":"Scotland One"},"content":{"rendered":"\n<div class=\"wp-block-columns is-layout-flex wp-container-core-columns-is-layout-28f84493 wp-block-columns-is-layout-flex\">\n<div class=\"wp-block-column is-layout-flow wp-block-column-is-layout-flow\" style=\"flex-basis:33.33%\">\n<figure class=\"wp-block-image size-thumbnail\"><img decoding=\"async\" width=\"150\" height=\"150\" src=\"https:\/\/glml.fr\/wp-content\/uploads\/2022\/06\/scotlandone-black-150x150.jpg\" alt=\"\" class=\"wp-image-536\"\/><\/figure>\n<\/div>\n\n\n\n<div class=\"wp-block-column is-layout-flow wp-block-column-is-layout-flow\" style=\"flex-basis:66.66%\">\n<blockquote class=\"wp-block-quote is-layout-flow wp-block-quote-is-layout-flow\"><p><strong>En Ecosse, les loges sont libres, depuis 1598, d\u2019avoir un rituel particulier, d\u2019o\u00f9 la n\u00e9cessit\u00e9 d\u2019\u00e9tablir d\u00e8s 1813, date de la r\u00e9conciliation des\u00a0<em>Ancients<\/em>\u00a0et des\u00a0<em>Moderns<\/em>, un rituel standard donnant une base commune aux travaux de tous les ateliers, mais n\u2019emp\u00eachant pas pour autant les particularit\u00e9s et les coutumes propres \u00e0 chaque loge. Ainsi le Rite Standard d\u2019Ecosse, introduit en France en 1986, est lui-m\u00eame issu de la fusion de plusieurs rituels \u00e9cossais alors existants. Les rituels pratiqu\u00e9s aujourd\u2019hui ne sont d\u2019ailleurs pas toujours identiques selon les ob\u00e9diences, quand ils ne portent pas un nom diff\u00e9rent, tel que le Rite Ecossais d\u2019Ecosse. Dans notre atelier Scotland One, nous avons souhait\u00e9 revenir aux fondamentaux en traduisant et en suivant le rituel du Standard d\u2019Ecosse fourni \u00e0 Edinburgh au si\u00e8ge de la Grande Loge d\u2019Ecosse. Comme tous les ateliers, nous veillons tout particuli\u00e8rement \u00e0 conserver l\u2019esprit d\u2019accueil chaleureux et l\u2019ambiance de grande confiance qui sont propres \u00e0 ce rite.<\/strong><\/p><cite>V.M. Scotland One<\/cite><\/blockquote>\n<\/div>\n<\/div>\n","protected":false},"excerpt":{"rendered":"<p>En Ecosse, les loges sont libres, depuis 1598, d\u2019avoir un rituel particulier, d\u2019o\u00f9 la n\u00e9cessit\u00e9 d\u2019\u00e9tablir d\u00e8s 1813, date de la r\u00e9conciliation des\u00a0Ancients\u00a0et des\u00a0Moderns, un rituel standard donnant une base [&hellip;]<\/p>\n","protected":false},"author":1,"featured_media":0,"parent":0,"menu_order":0,"comment_status":"closed","ping_status":"closed","template":"","meta":{"_uag_custom_page_level_css":"","site-sidebar-layout":"default","site-content-layout":"","ast-site-content-layout":"","site-content-style":"default","site-sidebar-style":"default","ast-global-header-display":"","ast-banner-title-visibility":"","ast-main-header-display":"","ast-hfb-above-header-display":"","ast-hfb-below-header-display":"","ast-hfb-mobile-header-display":"","site-post-title":"","ast-breadcrumbs-content":"","ast-featured-img":"","footer-sml-layout":"","theme-transparent-header-meta":"","adv-header-id-meta":"","stick-header-meta":"","header-above-stick-meta":"","header-main-stick-meta":"","header-below-stick-meta":"","astra-migrate-meta-layouts":"default","ast-page-background-enabled":"default","ast-page-background-meta":{"desktop":{"background-color":"var(--ast-global-color-4)","background-image":"","background-repeat":"repeat","background-position":"center center","background-size":"auto","background-attachment":"scroll","background-type":"","background-media":"","overlay-type":"","overlay-color":"","overlay-opacity":"","overlay-gradient":""},"tablet":{"background-color":"","background-image":"","background-repeat":"repeat","background-position":"center center","background-size":"auto","background-attachment":"scroll","background-type":"","background-media":"","overlay-type":"","overlay-color":"","overlay-opacity":"","overlay-gradient":""},"mobile":{"background-color":"","background-image":"","background-repeat":"repeat","background-position":"center center","background-size":"auto","background-attachment":"scroll","background-type":"","background-media":"","overlay-type":"","overlay-color":"","overlay-opacity":"","overlay-gradient":""}},"ast-content-background-meta":{"desktop":{"background-color":"var(--ast-global-color-5)","background-image":"","background-repeat":"repeat","background-position":"center center","background-size":"auto","background-attachment":"scroll","background-type":"","background-media":"","overlay-type":"","overlay-color":"","overlay-opacity":"","overlay-gradient":""},"tablet":{"background-color":"var(--ast-global-color-5)","background-image":"","background-repeat":"repeat","background-position":"center center","background-size":"auto","background-attachment":"scroll","background-type":"","background-media":"","overlay-type":"","overlay-color":"","overlay-opacity":"","overlay-gradient":""},"mobile":{"background-color":"var(--ast-global-color-5)","background-image":"","background-repeat":"repeat","background-position":"center center","background-size":"auto","background-attachment":"scroll","background-type":"","background-media":"","overlay-type":"","overlay-color":"","overlay-opacity":"","overlay-gradient":""}},"_joinchat":[],"footnotes":""},"class_list":["post-529","page","type-page","status-publish","hentry"],"uagb_featured_image_src":{"full":false,"thumbnail":false,"medium":false,"medium_large":false,"large":false,"1536x1536":false,"2048x2048":false},"uagb_author_info":{"display_name":"admin5793","author_link":"https:\/\/glml.fr\/index.php\/author\/admin5793\/"},"uagb_comment_info":0,"uagb_excerpt":"En Ecosse, les loges sont libres, depuis 1598, d\u2019avoir un rituel particulier, d\u2019o\u00f9 la n\u00e9cessit\u00e9 d\u2019\u00e9tablir d\u00e8s 1813, date de la r\u00e9conciliation des\u00a0Ancients\u00a0et des\u00a0Moderns, un rituel standard donnant une base [&hellip;]","jetpack_sharing_enabled":true,"_links":{"self":[{"href":"https:\/\/glml.fr\/index.php\/wp-json\/wp\/v2\/pages\/529","targetHints":{"allow":["GET"]}}],"collection":[{"href":"https:\/\/glml.fr\/index.php\/wp-json\/wp\/v2\/pages"}],"about":[{"href":"https:\/\/glml.fr\/index.php\/wp-json\/wp\/v2\/types\/page"}],"author":[{"embeddable":true,"href":"https:\/\/glml.fr\/index.php\/wp-json\/wp\/v2\/users\/1"}],"replies":[{"embeddable":true,"href":"https:\/\/glml.fr\/index.php\/wp-json\/wp\/v2\/comments?post=529"}],"version-history":[{"count":3,"href":"https:\/\/glml.fr\/index.php\/wp-json\/wp\/v2\/pages\/529\/revisions"}],"predecessor-version":[{"id":542,"href":"https:\/\/glml.fr\/index.php\/wp-json\/wp\/v2\/pages\/529\/revisions\/542"}],"wp:attachment":[{"href":"https:\/\/glml.fr\/index.php\/wp-json\/wp\/v2\/media?parent=529"}],"curies":[{"name":"wp","href":"https:\/\/api.w.org\/{rel}","templated":true}]}}