{"id":596,"date":"2022-08-03T13:45:51","date_gmt":"2022-08-03T11:45:51","guid":{"rendered":"https:\/\/glml.fr\/?page_id=596"},"modified":"2025-02-01T17:30:54","modified_gmt":"2025-02-01T16:30:54","slug":"taata-tiama","status":"publish","type":"page","link":"https:\/\/glml.fr\/index.php\/taata-tiama\/","title":{"rendered":"Ta&rsquo;ata Tiama"},"content":{"rendered":"\n<div class=\"wp-block-columns is-layout-flex wp-container-core-columns-is-layout-28f84493 wp-block-columns-is-layout-flex\">\n<div class=\"wp-block-column is-layout-flow wp-block-column-is-layout-flow\" style=\"flex-basis:33.33%\">\n<figure class=\"wp-block-image size-thumbnail\"><img decoding=\"async\" width=\"150\" height=\"150\" src=\"https:\/\/glml.fr\/wp-content\/uploads\/2022\/08\/RL-Taata-Tiama-black-150x150.jpg\" alt=\"\" class=\"wp-image-600\"\/><\/figure>\n<\/div>\n\n\n\n<div class=\"wp-block-column is-layout-flow wp-block-column-is-layout-flow\" style=\"flex-basis:66.66%\">\n<blockquote class=\"wp-block-quote is-layout-flow wp-block-quote-is-layout-flow\"><p>Notre loge \u00ab\u00a0TA&rsquo;ATA Tiama\u00a0\u00bb qui signifie homme libre en Tahitien travaille au rite \u00e9cossais ancien et accept\u00e9. Cr\u00e9\u00e9e en 2022, elle regroupe des fr\u00e8res libres et de bonnes m\u0153urs d\u00e9sireux de rester des \u00eatres de consciences et de devenir, gr\u00e2ce au travail, des \u00eatres de lumi\u00e8res \u00ab\u00a0 Ordo ab Chaos\u00a0\u00bb.<\/p><cite>V.:M.: Ta&rsquo;ata Tiama<\/cite><\/blockquote>\n<\/div>\n<\/div>\n","protected":false},"excerpt":{"rendered":"<p>Notre loge \u00ab\u00a0TA&rsquo;ATA Tiama\u00a0\u00bb qui signifie homme libre en Tahitien travaille au rite \u00e9cossais ancien et accept\u00e9. Cr\u00e9\u00e9e en 2022, elle regroupe des fr\u00e8res libres et de bonnes m\u0153urs d\u00e9sireux [&hellip;]<\/p>\n","protected":false},"author":1,"featured_media":600,"parent":0,"menu_order":0,"comment_status":"closed","ping_status":"closed","template":"","meta":{"_uag_custom_page_level_css":"","site-sidebar-layout":"default","site-content-layout":"","ast-site-content-layout":"","site-content-style":"default","site-sidebar-style":"default","ast-global-header-display":"","ast-banner-title-visibility":"","ast-main-header-display":"","ast-hfb-above-header-display":"","ast-hfb-below-header-display":"","ast-hfb-mobile-header-display":"","site-post-title":"","ast-breadcrumbs-content":"","ast-featured-img":"","footer-sml-layout":"","theme-transparent-header-meta":"","adv-header-id-meta":"","stick-header-meta":"","header-above-stick-meta":"","header-main-stick-meta":"","header-below-stick-meta":"","astra-migrate-meta-layouts":"default","ast-page-background-enabled":"default","ast-page-background-meta":{"desktop":{"background-color":"var(--ast-global-color-4)","background-image":"","background-repeat":"repeat","background-position":"center center","background-size":"auto","background-attachment":"scroll","background-type":"","background-media":"","overlay-type":"","overlay-color":"","overlay-opacity":"","overlay-gradient":""},"tablet":{"background-color":"","background-image":"","background-repeat":"repeat","background-position":"center center","background-size":"auto","background-attachment":"scroll","background-type":"","background-media":"","overlay-type":"","overlay-color":"","overlay-opacity":"","overlay-gradient":""},"mobile":{"background-color":"","background-image":"","background-repeat":"repeat","background-position":"center center","background-size":"auto","background-attachment":"scroll","background-type":"","background-media":"","overlay-type":"","overlay-color":"","overlay-opacity":"","overlay-gradient":""}},"ast-content-background-meta":{"desktop":{"background-color":"var(--ast-global-color-5)","background-image":"","background-repeat":"repeat","background-position":"center center","background-size":"auto","background-attachment":"scroll","background-type":"","background-media":"","overlay-type":"","overlay-color":"","overlay-opacity":"","overlay-gradient":""},"tablet":{"background-color":"var(--ast-global-color-5)","background-image":"","background-repeat":"repeat","background-position":"center center","background-size":"auto","background-attachment":"scroll","background-type":"","background-media":"","overlay-type":"","overlay-color":"","overlay-opacity":"","overlay-gradient":""},"mobile":{"background-color":"var(--ast-global-color-5)","background-image":"","background-repeat":"repeat","background-position":"center center","background-size":"auto","background-attachment":"scroll","background-type":"","background-media":"","overlay-type":"","overlay-color":"","overlay-opacity":"","overlay-gradient":""}},"_joinchat":[],"footnotes":""},"class_list":["post-596","page","type-page","status-publish","has-post-thumbnail","hentry"],"uagb_featured_image_src":{"full":["https:\/\/glml.fr\/wp-content\/uploads\/2022\/08\/RL-Taata-Tiama-black.jpg",550,524,false],"thumbnail":["https:\/\/glml.fr\/wp-content\/uploads\/2022\/08\/RL-Taata-Tiama-black-150x150.jpg",150,150,true],"medium":["https:\/\/glml.fr\/wp-content\/uploads\/2022\/08\/RL-Taata-Tiama-black-300x286.jpg",300,286,true],"medium_large":["https:\/\/glml.fr\/wp-content\/uploads\/2022\/08\/RL-Taata-Tiama-black.jpg",550,524,false],"large":["https:\/\/glml.fr\/wp-content\/uploads\/2022\/08\/RL-Taata-Tiama-black.jpg",550,524,false],"1536x1536":["https:\/\/glml.fr\/wp-content\/uploads\/2022\/08\/RL-Taata-Tiama-black.jpg",550,524,false],"2048x2048":["https:\/\/glml.fr\/wp-content\/uploads\/2022\/08\/RL-Taata-Tiama-black.jpg",550,524,false]},"uagb_author_info":{"display_name":"admin5793","author_link":"https:\/\/glml.fr\/index.php\/author\/admin5793\/"},"uagb_comment_info":0,"uagb_excerpt":"Notre loge \u00ab\u00a0TA&rsquo;ATA Tiama\u00a0\u00bb qui signifie homme libre en Tahitien travaille au rite \u00e9cossais ancien et accept\u00e9. Cr\u00e9\u00e9e en 2022, elle regroupe des fr\u00e8res libres et de bonnes m\u0153urs d\u00e9sireux [&hellip;]","jetpack_sharing_enabled":true,"_links":{"self":[{"href":"https:\/\/glml.fr\/index.php\/wp-json\/wp\/v2\/pages\/596","targetHints":{"allow":["GET"]}}],"collection":[{"href":"https:\/\/glml.fr\/index.php\/wp-json\/wp\/v2\/pages"}],"about":[{"href":"https:\/\/glml.fr\/index.php\/wp-json\/wp\/v2\/types\/page"}],"author":[{"embeddable":true,"href":"https:\/\/glml.fr\/index.php\/wp-json\/wp\/v2\/users\/1"}],"replies":[{"embeddable":true,"href":"https:\/\/glml.fr\/index.php\/wp-json\/wp\/v2\/comments?post=596"}],"version-history":[{"count":5,"href":"https:\/\/glml.fr\/index.php\/wp-json\/wp\/v2\/pages\/596\/revisions"}],"predecessor-version":[{"id":607,"href":"https:\/\/glml.fr\/index.php\/wp-json\/wp\/v2\/pages\/596\/revisions\/607"}],"wp:featuredmedia":[{"embeddable":true,"href":"https:\/\/glml.fr\/index.php\/wp-json\/wp\/v2\/media\/600"}],"wp:attachment":[{"href":"https:\/\/glml.fr\/index.php\/wp-json\/wp\/v2\/media?parent=596"}],"curies":[{"name":"wp","href":"https:\/\/api.w.org\/{rel}","templated":true}]}}