{"id":691,"date":"2025-01-31T09:46:53","date_gmt":"2025-01-31T08:46:53","guid":{"rendered":"https:\/\/glml.fr\/?page_id=691"},"modified":"2025-02-22T09:23:03","modified_gmt":"2025-02-22T08:23:03","slug":"lux-aeterna-2","status":"publish","type":"page","link":"https:\/\/glml.fr\/index.php\/lux-aeterna-2\/","title":{"rendered":"Lux \u00c6terna"},"content":{"rendered":"\t\t<div data-elementor-type=\"wp-page\" data-elementor-id=\"691\" class=\"elementor elementor-691\" data-elementor-post-type=\"page\">\n\t\t\t\t<div class=\"elementor-element elementor-element-56695834 e-flex e-con-boxed e-con e-parent\" data-id=\"56695834\" data-element_type=\"container\">\n\t\t\t\t\t<div class=\"e-con-inner\">\n\t\t\t\t<div class=\"elementor-element elementor-element-54250da elementor-invisible elementor-widget elementor-widget-image\" data-id=\"54250da\" data-element_type=\"widget\" data-settings=\"{&quot;_animation&quot;:&quot;slideInLeft&quot;}\" data-widget_type=\"image.default\">\n\t\t\t\t<div class=\"elementor-widget-container\">\n\t\t\t\t\t\t\t\t\t\t\t\t\t\t\t<img fetchpriority=\"high\" decoding=\"async\" width=\"768\" height=\"768\" src=\"https:\/\/glml.fr\/wp-content\/uploads\/2025\/01\/IMG_0628-768x768.png\" class=\"attachment-medium_large size-medium_large wp-image-725\" alt=\"\" srcset=\"https:\/\/glml.fr\/wp-content\/uploads\/2025\/01\/IMG_0628-768x768.png 768w, https:\/\/glml.fr\/wp-content\/uploads\/2025\/01\/IMG_0628-300x300.png 300w, https:\/\/glml.fr\/wp-content\/uploads\/2025\/01\/IMG_0628-150x150.png 150w, https:\/\/glml.fr\/wp-content\/uploads\/2025\/01\/IMG_0628.png 945w\" sizes=\"(max-width: 768px) 100vw, 768px\" \/>\t\t\t\t\t\t\t\t\t\t\t\t\t\t\t<\/div>\n\t\t\t\t<\/div>\n\t\t\t\t<div class=\"elementor-element elementor-element-798d1758 elementor-invisible elementor-widget elementor-widget-text-editor\" data-id=\"798d1758\" data-element_type=\"widget\" data-settings=\"{&quot;_animation&quot;:&quot;fadeIn&quot;}\" data-widget_type=\"text-editor.default\">\n\t\t\t\t<div class=\"elementor-widget-container\">\n\t\t\t\t\t\t\t\t\t<h1 class=\"wp-block-heading\" style=\"text-align: left;\"><mark class=\"has-inline-color has-cyan-bluish-gray-color\" style=\"background-color: rgba(0, 0, 0, 0);\">Rite anglais, style \u00c9mulation<\/mark><\/h1>\n<p class=\"wp-block-heading\" style=\"text-align: right;\"><strong style=\"font-size: 1.7em;\"><mark class=\"has-inline-color has-cyan-bluish-gray-color\">Cons\u00e9cration le 08 Mars 2025<\/mark><\/strong><\/p>\n<p class=\"wp-block-heading\" style=\"text-align: left;\"><span style=\"font-size: 17.6px; font-style: inherit; font-weight: inherit; color: var(--ast-global-color-3); font-family: var( --e-global-typography-text-font-family ), Sans-serif; text-align: var(--text-align); background-color: var(--ast-global-color-5);\">La v\u00e9n\u00e9rable loge Lux \u00c6terna Travaillera au rite anglais, style \u00e9mulation. Rite d\u2019oralit\u00e9, de tradition, il a la particularit\u00e9 de se transmettre par le c\u0153ur.<\/span><\/p>\n<blockquote class=\"wp-block-quote\">\n<p>\u00ab Un syst\u00e8me particulier de morale, dissimul\u00e9 sous le voile de<br \/>l\u2019all\u00e9gorie et illustr\u00e9 au moyen de symboles. \u00bb.<\/p>\n<p><!-- \/wp:paragraph --><\/p>\n<\/blockquote>\n<p><!-- \/wp:quote --><!-- wp:quote --><\/p>\n<blockquote class=\"wp-block-quote\">\n<p><!-- wp:paragraph --><\/p>\n<p>Les c\u00e9r\u00e9monies transcendent les FF et touche\u00a0\u00e0\u00a0l\u2019\u00e2me<\/p>\n<p><!-- \/wp:paragraph --><\/p>\n<\/blockquote>\n<p><!-- \/wp:quote --><!-- wp:quote --><\/p>\n<blockquote class=\"wp-block-quote\">\n<p><!-- wp:paragraph --><\/p>\n<p>Lux \u00c6terna \u00e0 la profonde volont\u00e9 de travailler pour le perfectionnement de chacun, dans la fraternit\u00e9 et la convivialit\u00e9.<br \/>La rectitude des gestes pour la rectitude de esprit, transmettre cette lumi\u00e8re, \u00e9ternelle\u2026. qui ne s\u2019\u00e9teindra\u00a0jamais.<\/p>\n<\/blockquote>\n<p><!-- \/wp:image --><\/p>\t\t\t\t\t\t\t\t<\/div>\n\t\t\t\t<\/div>\n\t\t\t\t<div class=\"elementor-element elementor-element-9c65576 elementor-invisible elementor-widget elementor-widget-image\" data-id=\"9c65576\" data-element_type=\"widget\" data-settings=\"{&quot;_animation&quot;:&quot;slideInDown&quot;}\" data-widget_type=\"image.default\">\n\t\t\t\t<div class=\"elementor-widget-container\">\n\t\t\t\t\t\t\t\t\t\t\t\t\t\t\t<img decoding=\"async\" width=\"300\" height=\"300\" src=\"https:\/\/glml.fr\/wp-content\/uploads\/2025\/01\/cropped-lUX-AETERNA-300x300.jpg\" class=\"attachment-medium size-medium wp-image-689\" alt=\"\" srcset=\"https:\/\/glml.fr\/wp-content\/uploads\/2025\/01\/cropped-lUX-AETERNA-300x300.jpg 300w, https:\/\/glml.fr\/wp-content\/uploads\/2025\/01\/cropped-lUX-AETERNA-150x150.jpg 150w, https:\/\/glml.fr\/wp-content\/uploads\/2025\/01\/cropped-lUX-AETERNA-768x768.jpg 768w, https:\/\/glml.fr\/wp-content\/uploads\/2025\/01\/cropped-lUX-AETERNA.jpg 944w\" sizes=\"(max-width: 300px) 100vw, 300px\" \/>\t\t\t\t\t\t\t\t\t\t\t\t\t\t\t<\/div>\n\t\t\t\t<\/div>\n\t\t\t\t\t<\/div>\n\t\t\t\t<\/div>\n\t\t\t\t<\/div>\n\t\t","protected":false},"excerpt":{"rendered":"<p>Rite anglais, style \u00c9mulation Cons\u00e9cration le 08 Mars 2025 La v\u00e9n\u00e9rable loge Lux \u00c6terna Travaillera au rite anglais, style \u00e9mulation. Rite d\u2019oralit\u00e9, de tradition, il a la particularit\u00e9 de se [&hellip;]<\/p>\n","protected":false},"author":1,"featured_media":0,"parent":0,"menu_order":0,"comment_status":"closed","ping_status":"closed","template":"","meta":{"_uag_custom_page_level_css":"","site-sidebar-layout":"default","site-content-layout":"","ast-site-content-layout":"","site-content-style":"default","site-sidebar-style":"default","ast-global-header-display":"","ast-banner-title-visibility":"","ast-main-header-display":"","ast-hfb-above-header-display":"","ast-hfb-below-header-display":"","ast-hfb-mobile-header-display":"","site-post-title":"","ast-breadcrumbs-content":"","ast-featured-img":"","footer-sml-layout":"","theme-transparent-header-meta":"","adv-header-id-meta":"","stick-header-meta":"","header-above-stick-meta":"","header-main-stick-meta":"","header-below-stick-meta":"","astra-migrate-meta-layouts":"default","ast-page-background-enabled":"default","ast-page-background-meta":{"desktop":{"background-color":"var(--ast-global-color-4)","background-image":"","background-repeat":"repeat","background-position":"center center","background-size":"auto","background-attachment":"scroll","background-type":"","background-media":"","overlay-type":"","overlay-color":"","overlay-opacity":"","overlay-gradient":""},"tablet":{"background-color":"","background-image":"","background-repeat":"repeat","background-position":"center center","background-size":"auto","background-attachment":"scroll","background-type":"","background-media":"","overlay-type":"","overlay-color":"","overlay-opacity":"","overlay-gradient":""},"mobile":{"background-color":"","background-image":"","background-repeat":"repeat","background-position":"center center","background-size":"auto","background-attachment":"scroll","background-type":"","background-media":"","overlay-type":"","overlay-color":"","overlay-opacity":"","overlay-gradient":""}},"ast-content-background-meta":{"desktop":{"background-color":"var(--ast-global-color-5)","background-image":"","background-repeat":"repeat","background-position":"center center","background-size":"auto","background-attachment":"scroll","background-type":"","background-media":"","overlay-type":"","overlay-color":"","overlay-opacity":"","overlay-gradient":""},"tablet":{"background-color":"var(--ast-global-color-5)","background-image":"","background-repeat":"repeat","background-position":"center center","background-size":"auto","background-attachment":"scroll","background-type":"","background-media":"","overlay-type":"","overlay-color":"","overlay-opacity":"","overlay-gradient":""},"mobile":{"background-color":"var(--ast-global-color-5)","background-image":"","background-repeat":"repeat","background-position":"center center","background-size":"auto","background-attachment":"scroll","background-type":"","background-media":"","overlay-type":"","overlay-color":"","overlay-opacity":"","overlay-gradient":""}},"_joinchat":[],"footnotes":""},"class_list":["post-691","page","type-page","status-publish","hentry"],"uagb_featured_image_src":{"full":false,"thumbnail":false,"medium":false,"medium_large":false,"large":false,"1536x1536":false,"2048x2048":false},"uagb_author_info":{"display_name":"admin5793","author_link":"https:\/\/glml.fr\/index.php\/author\/admin5793\/"},"uagb_comment_info":0,"uagb_excerpt":"Rite anglais, style \u00c9mulation Cons\u00e9cration le 08 Mars 2025 La v\u00e9n\u00e9rable loge Lux \u00c6terna Travaillera au rite anglais, style \u00e9mulation. Rite d\u2019oralit\u00e9, de tradition, il a la particularit\u00e9 de se [&hellip;]","jetpack_sharing_enabled":true,"_links":{"self":[{"href":"https:\/\/glml.fr\/index.php\/wp-json\/wp\/v2\/pages\/691","targetHints":{"allow":["GET"]}}],"collection":[{"href":"https:\/\/glml.fr\/index.php\/wp-json\/wp\/v2\/pages"}],"about":[{"href":"https:\/\/glml.fr\/index.php\/wp-json\/wp\/v2\/types\/page"}],"author":[{"embeddable":true,"href":"https:\/\/glml.fr\/index.php\/wp-json\/wp\/v2\/users\/1"}],"replies":[{"embeddable":true,"href":"https:\/\/glml.fr\/index.php\/wp-json\/wp\/v2\/comments?post=691"}],"version-history":[{"count":17,"href":"https:\/\/glml.fr\/index.php\/wp-json\/wp\/v2\/pages\/691\/revisions"}],"predecessor-version":[{"id":1208,"href":"https:\/\/glml.fr\/index.php\/wp-json\/wp\/v2\/pages\/691\/revisions\/1208"}],"wp:attachment":[{"href":"https:\/\/glml.fr\/index.php\/wp-json\/wp\/v2\/media?parent=691"}],"curies":[{"name":"wp","href":"https:\/\/api.w.org\/{rel}","templated":true}]}}